{"id":93,"date":"2021-07-18T08:40:16","date_gmt":"2021-07-18T08:40:16","guid":{"rendered":"https:\/\/demo.athemes.com\/botiga\/?post_type=product&#038;p=93"},"modified":"2024-03-26T18:45:53","modified_gmt":"2024-03-26T17:45:53","slug":"watermelon-glow-hyaluronic-clay-pore-tight-facial-mask","status":"publish","type":"product","link":"https:\/\/marioslegos.pl\/?product=watermelon-glow-hyaluronic-clay-pore-tight-facial-mask","title":{"rendered":"1 f12 Berlina"},"content":{"rendered":"<p>czerwone auto podobne do niebieskiego tamto dobre wi\u0119c wiesz jusz \u017ce to te\u017c<\/p>\n","protected":false},"excerpt":{"rendered":"<p>czerwone auto podobne do niebieskiego tamto dobre wi\u0119c wiesz jusz \u017ce to te\u017c<\/p>\n","protected":false},"featured_media":509,"comment_status":"open","ping_status":"closed","template":"","meta":[],"product_brand":[],"product_cat":[15],"product_tag":[],"class_list":{"0":"post-93","1":"product","2":"type-product","3":"status-publish","4":"has-post-thumbnail","6":"product_cat-bez-kategorii","8":"first","9":"instock","10":"sale","11":"shipping-taxable","12":"purchasable","13":"product-type-simple"},"jetpack_sharing_enabled":true,"_links":{"self":[{"href":"https:\/\/marioslegos.pl\/index.php?rest_route=\/wp\/v2\/product\/93","targetHints":{"allow":["GET"]}}],"collection":[{"href":"https:\/\/marioslegos.pl\/index.php?rest_route=\/wp\/v2\/product"}],"about":[{"href":"https:\/\/marioslegos.pl\/index.php?rest_route=\/wp\/v2\/types\/product"}],"replies":[{"embeddable":true,"href":"https:\/\/marioslegos.pl\/index.php?rest_route=%2Fwp%2Fv2%2Fcomments&post=93"}],"version-history":[{"count":3,"href":"https:\/\/marioslegos.pl\/index.php?rest_route=\/wp\/v2\/product\/93\/revisions"}],"predecessor-version":[{"id":916,"href":"https:\/\/marioslegos.pl\/index.php?rest_route=\/wp\/v2\/product\/93\/revisions\/916"}],"wp:featuredmedia":[{"embeddable":true,"href":"https:\/\/marioslegos.pl\/index.php?rest_route=\/wp\/v2\/media\/509"}],"wp:attachment":[{"href":"https:\/\/marioslegos.pl\/index.php?rest_route=%2Fwp%2Fv2%2Fmedia&parent=93"}],"wp:term":[{"taxonomy":"product_brand","embeddable":true,"href":"https:\/\/marioslegos.pl\/index.php?rest_route=%2Fwp%2Fv2%2Fproduct_brand&post=93"},{"taxonomy":"product_cat","embeddable":true,"href":"https:\/\/marioslegos.pl\/index.php?rest_route=%2Fwp%2Fv2%2Fproduct_cat&post=93"},{"taxonomy":"product_tag","embeddable":true,"href":"https:\/\/marioslegos.pl\/index.php?rest_route=%2Fwp%2Fv2%2Fproduct_tag&post=93"}],"curies":[{"name":"wp","href":"https:\/\/api.w.org\/{rel}","templated":true}]}}