{"id":903,"date":"2024-02-27T18:41:30","date_gmt":"2024-02-27T17:41:30","guid":{"rendered":"https:\/\/marioslegos.pl\/?post_type=product&#038;p=903"},"modified":"2024-03-22T09:03:00","modified_gmt":"2024-03-22T08:03:00","slug":"samochod-kaskaderski-el-fuego","status":"publish","type":"product","link":"https:\/\/marioslegos.pl\/?product=samochod-kaskaderski-el-fuego","title":{"rendered":"Samoch\u00f3d kaskaderski el fuego"},"content":{"rendered":"<p>to jest samoch\u00f3d z serji hidden side z wielk\u0105 armat\u0105 RIP gra hidden side<\/p>\n","protected":false},"excerpt":{"rendered":"<p>to jest samoch\u00f3d z serji hidden side z wielk\u0105 armat\u0105 RIP gra hidden side<\/p>\n","protected":false},"featured_media":971,"comment_status":"open","ping_status":"closed","template":"","meta":[],"product_brand":[],"product_cat":[42],"product_tag":[],"class_list":{"0":"post-903","1":"product","2":"type-product","3":"status-publish","4":"has-post-thumbnail","6":"product_cat-hidden-side","8":"first","9":"instock","10":"sale","11":"shipping-taxable","12":"purchasable","13":"product-type-simple"},"jetpack_sharing_enabled":true,"_links":{"self":[{"href":"https:\/\/marioslegos.pl\/index.php?rest_route=\/wp\/v2\/product\/903","targetHints":{"allow":["GET"]}}],"collection":[{"href":"https:\/\/marioslegos.pl\/index.php?rest_route=\/wp\/v2\/product"}],"about":[{"href":"https:\/\/marioslegos.pl\/index.php?rest_route=\/wp\/v2\/types\/product"}],"replies":[{"embeddable":true,"href":"https:\/\/marioslegos.pl\/index.php?rest_route=%2Fwp%2Fv2%2Fcomments&post=903"}],"version-history":[{"count":1,"href":"https:\/\/marioslegos.pl\/index.php?rest_route=\/wp\/v2\/product\/903\/revisions"}],"predecessor-version":[{"id":972,"href":"https:\/\/marioslegos.pl\/index.php?rest_route=\/wp\/v2\/product\/903\/revisions\/972"}],"wp:featuredmedia":[{"embeddable":true,"href":"https:\/\/marioslegos.pl\/index.php?rest_route=\/wp\/v2\/media\/971"}],"wp:attachment":[{"href":"https:\/\/marioslegos.pl\/index.php?rest_route=%2Fwp%2Fv2%2Fmedia&parent=903"}],"wp:term":[{"taxonomy":"product_brand","embeddable":true,"href":"https:\/\/marioslegos.pl\/index.php?rest_route=%2Fwp%2Fv2%2Fproduct_brand&post=903"},{"taxonomy":"product_cat","embeddable":true,"href":"https:\/\/marioslegos.pl\/index.php?rest_route=%2Fwp%2Fv2%2Fproduct_cat&post=903"},{"taxonomy":"product_tag","embeddable":true,"href":"https:\/\/marioslegos.pl\/index.php?rest_route=%2Fwp%2Fv2%2Fproduct_tag&post=903"}],"curies":[{"name":"wp","href":"https:\/\/api.w.org\/{rel}","templated":true}]}}