{"id":899,"date":"2023-12-28T10:41:17","date_gmt":"2023-12-28T09:41:17","guid":{"rendered":"https:\/\/marioslegos.pl\/?post_type=product&#038;p=899"},"modified":"2024-03-22T09:04:59","modified_gmt":"2024-03-22T08:04:59","slug":"stunt-bike","status":"publish","type":"product","link":"https:\/\/marioslegos.pl\/?product=stunt-bike","title":{"rendered":"stunt bike"},"content":{"rendered":"<p>\u017c\u00f3\u0142ty motocykl kaskaderski i rampa<\/p>\n","protected":false},"excerpt":{"rendered":"<p>\u017c\u00f3\u0142ty motocykl kaskaderski i rampa<\/p>\n","protected":false},"featured_media":901,"comment_status":"open","ping_status":"closed","template":"","meta":[],"product_brand":[],"product_cat":[29],"product_tag":[],"class_list":{"0":"post-899","1":"product","2":"type-product","3":"status-publish","4":"has-post-thumbnail","6":"product_cat-technick","8":"first","9":"instock","10":"sale","11":"shipping-taxable","12":"purchasable","13":"product-type-simple"},"jetpack_sharing_enabled":true,"_links":{"self":[{"href":"https:\/\/marioslegos.pl\/index.php?rest_route=\/wp\/v2\/product\/899","targetHints":{"allow":["GET"]}}],"collection":[{"href":"https:\/\/marioslegos.pl\/index.php?rest_route=\/wp\/v2\/product"}],"about":[{"href":"https:\/\/marioslegos.pl\/index.php?rest_route=\/wp\/v2\/types\/product"}],"replies":[{"embeddable":true,"href":"https:\/\/marioslegos.pl\/index.php?rest_route=%2Fwp%2Fv2%2Fcomments&post=899"}],"version-history":[{"count":1,"href":"https:\/\/marioslegos.pl\/index.php?rest_route=\/wp\/v2\/product\/899\/revisions"}],"predecessor-version":[{"id":900,"href":"https:\/\/marioslegos.pl\/index.php?rest_route=\/wp\/v2\/product\/899\/revisions\/900"}],"wp:featuredmedia":[{"embeddable":true,"href":"https:\/\/marioslegos.pl\/index.php?rest_route=\/wp\/v2\/media\/901"}],"wp:attachment":[{"href":"https:\/\/marioslegos.pl\/index.php?rest_route=%2Fwp%2Fv2%2Fmedia&parent=899"}],"wp:term":[{"taxonomy":"product_brand","embeddable":true,"href":"https:\/\/marioslegos.pl\/index.php?rest_route=%2Fwp%2Fv2%2Fproduct_brand&post=899"},{"taxonomy":"product_cat","embeddable":true,"href":"https:\/\/marioslegos.pl\/index.php?rest_route=%2Fwp%2Fv2%2Fproduct_cat&post=899"},{"taxonomy":"product_tag","embeddable":true,"href":"https:\/\/marioslegos.pl\/index.php?rest_route=%2Fwp%2Fv2%2Fproduct_tag&post=899"}],"curies":[{"name":"wp","href":"https:\/\/api.w.org\/{rel}","templated":true}]}}