{"id":886,"date":"2023-12-26T13:45:07","date_gmt":"2023-12-26T12:45:07","guid":{"rendered":"https:\/\/marioslegos.pl\/?post_type=product&#038;p=886"},"modified":"2024-03-22T09:07:08","modified_gmt":"2024-03-22T08:07:08","slug":"smigacz-han-solo","status":"publish","type":"product","link":"https:\/\/marioslegos.pl\/?product=smigacz-han-solo","title":{"rendered":"\u015bmigacz han solo"},"content":{"rendered":"<p>dwie postacie i 1 du\u017cy skomplikowany \u015bcigacz to wszystko i to jest super<\/p>\n","protected":false},"excerpt":{"rendered":"<p>dwie postacie i 1 du\u017cy skomplikowany \u015bcigacz to wszystko i to jest super<\/p>\n","protected":false},"featured_media":887,"comment_status":"open","ping_status":"closed","template":"","meta":[],"product_brand":[],"product_cat":[23],"product_tag":[],"class_list":{"0":"post-886","1":"product","2":"type-product","3":"status-publish","4":"has-post-thumbnail","6":"product_cat-star_wars","8":"first","9":"instock","10":"sale","11":"shipping-taxable","12":"purchasable","13":"product-type-simple"},"jetpack_sharing_enabled":true,"_links":{"self":[{"href":"https:\/\/marioslegos.pl\/index.php?rest_route=\/wp\/v2\/product\/886","targetHints":{"allow":["GET"]}}],"collection":[{"href":"https:\/\/marioslegos.pl\/index.php?rest_route=\/wp\/v2\/product"}],"about":[{"href":"https:\/\/marioslegos.pl\/index.php?rest_route=\/wp\/v2\/types\/product"}],"replies":[{"embeddable":true,"href":"https:\/\/marioslegos.pl\/index.php?rest_route=%2Fwp%2Fv2%2Fcomments&post=886"}],"version-history":[{"count":2,"href":"https:\/\/marioslegos.pl\/index.php?rest_route=\/wp\/v2\/product\/886\/revisions"}],"predecessor-version":[{"id":985,"href":"https:\/\/marioslegos.pl\/index.php?rest_route=\/wp\/v2\/product\/886\/revisions\/985"}],"wp:featuredmedia":[{"embeddable":true,"href":"https:\/\/marioslegos.pl\/index.php?rest_route=\/wp\/v2\/media\/887"}],"wp:attachment":[{"href":"https:\/\/marioslegos.pl\/index.php?rest_route=%2Fwp%2Fv2%2Fmedia&parent=886"}],"wp:term":[{"taxonomy":"product_brand","embeddable":true,"href":"https:\/\/marioslegos.pl\/index.php?rest_route=%2Fwp%2Fv2%2Fproduct_brand&post=886"},{"taxonomy":"product_cat","embeddable":true,"href":"https:\/\/marioslegos.pl\/index.php?rest_route=%2Fwp%2Fv2%2Fproduct_cat&post=886"},{"taxonomy":"product_tag","embeddable":true,"href":"https:\/\/marioslegos.pl\/index.php?rest_route=%2Fwp%2Fv2%2Fproduct_tag&post=886"}],"curies":[{"name":"wp","href":"https:\/\/api.w.org\/{rel}","templated":true}]}}