{"id":885,"date":"2023-12-28T10:36:26","date_gmt":"2023-12-28T09:36:26","guid":{"rendered":"https:\/\/marioslegos.pl\/?post_type=product&#038;p=885"},"modified":"2024-03-22T09:06:09","modified_gmt":"2024-03-22T08:06:09","slug":"starfigther-yody","status":"publish","type":"product","link":"https:\/\/marioslegos.pl\/?product=starfigther-yody","title":{"rendered":"starfigther yody"},"content":{"rendered":"<p>to jest wyj\u0105tkowy statek nie tylko z powodu yody ten statek ma ciekawe ustawienie skrzyde\u0142 + zielony wygl\u0105da \u0142adnie \ud83d\ude42<\/p>\n","protected":false},"excerpt":{"rendered":"<p>to jest wyj\u0105tkowy statek nie tylko z powodu yody ten statek ma ciekawe ustawienie skrzyde\u0142 + zielony wygl\u0105da \u0142adnie \ud83d\ude42<\/p>\n","protected":false},"featured_media":896,"comment_status":"open","ping_status":"closed","template":"","meta":[],"product_brand":[],"product_cat":[23],"product_tag":[],"class_list":{"0":"post-885","1":"product","2":"type-product","3":"status-publish","4":"has-post-thumbnail","6":"product_cat-star_wars","8":"first","9":"instock","10":"sale","11":"shipping-taxable","12":"purchasable","13":"product-type-simple"},"jetpack_sharing_enabled":true,"_links":{"self":[{"href":"https:\/\/marioslegos.pl\/index.php?rest_route=\/wp\/v2\/product\/885","targetHints":{"allow":["GET"]}}],"collection":[{"href":"https:\/\/marioslegos.pl\/index.php?rest_route=\/wp\/v2\/product"}],"about":[{"href":"https:\/\/marioslegos.pl\/index.php?rest_route=\/wp\/v2\/types\/product"}],"replies":[{"embeddable":true,"href":"https:\/\/marioslegos.pl\/index.php?rest_route=%2Fwp%2Fv2%2Fcomments&post=885"}],"version-history":[{"count":1,"href":"https:\/\/marioslegos.pl\/index.php?rest_route=\/wp\/v2\/product\/885\/revisions"}],"predecessor-version":[{"id":897,"href":"https:\/\/marioslegos.pl\/index.php?rest_route=\/wp\/v2\/product\/885\/revisions\/897"}],"wp:featuredmedia":[{"embeddable":true,"href":"https:\/\/marioslegos.pl\/index.php?rest_route=\/wp\/v2\/media\/896"}],"wp:attachment":[{"href":"https:\/\/marioslegos.pl\/index.php?rest_route=%2Fwp%2Fv2%2Fmedia&parent=885"}],"wp:term":[{"taxonomy":"product_brand","embeddable":true,"href":"https:\/\/marioslegos.pl\/index.php?rest_route=%2Fwp%2Fv2%2Fproduct_brand&post=885"},{"taxonomy":"product_cat","embeddable":true,"href":"https:\/\/marioslegos.pl\/index.php?rest_route=%2Fwp%2Fv2%2Fproduct_cat&post=885"},{"taxonomy":"product_tag","embeddable":true,"href":"https:\/\/marioslegos.pl\/index.php?rest_route=%2Fwp%2Fv2%2Fproduct_tag&post=885"}],"curies":[{"name":"wp","href":"https:\/\/api.w.org\/{rel}","templated":true}]}}