{"id":882,"date":"2023-12-23T16:30:16","date_gmt":"2023-12-23T15:30:16","guid":{"rendered":"https:\/\/marioslegos.pl\/?post_type=product&#038;p=882"},"modified":"2024-03-22T09:08:06","modified_gmt":"2024-03-22T08:08:06","slug":"statek-boba-fett","status":"publish","type":"product","link":"https:\/\/marioslegos.pl\/?product=statek-boba-fett","title":{"rendered":"statek boba fett"},"content":{"rendered":"<p>jak napisane w nazwie statek ulubionego przez fan\u00f3w star wars boba fett ale to nie wszystko jest boba fett i ma\u0142y \u015b\u0107igacz UWAGA: brakuje srebrnej w\u0142\u00f3czni<\/p>\n","protected":false},"excerpt":{"rendered":"<p>jak napisane w nazwie statek ulubionego przez fan\u00f3w star wars boba fett ale to nie wszystko jest boba fett i ma\u0142y \u015b\u0107igacz UWAGA: brakuje srebrnej w\u0142\u00f3czni<\/p>\n","protected":false},"featured_media":895,"comment_status":"open","ping_status":"closed","template":"","meta":[],"product_brand":[],"product_cat":[23],"product_tag":[],"class_list":{"0":"post-882","1":"product","2":"type-product","3":"status-publish","4":"has-post-thumbnail","6":"product_cat-star_wars","8":"first","9":"instock","10":"sale","11":"shipping-taxable","12":"purchasable","13":"product-type-simple"},"jetpack_sharing_enabled":true,"_links":{"self":[{"href":"https:\/\/marioslegos.pl\/index.php?rest_route=\/wp\/v2\/product\/882","targetHints":{"allow":["GET"]}}],"collection":[{"href":"https:\/\/marioslegos.pl\/index.php?rest_route=\/wp\/v2\/product"}],"about":[{"href":"https:\/\/marioslegos.pl\/index.php?rest_route=\/wp\/v2\/types\/product"}],"replies":[{"embeddable":true,"href":"https:\/\/marioslegos.pl\/index.php?rest_route=%2Fwp%2Fv2%2Fcomments&post=882"}],"version-history":[{"count":1,"href":"https:\/\/marioslegos.pl\/index.php?rest_route=\/wp\/v2\/product\/882\/revisions"}],"predecessor-version":[{"id":883,"href":"https:\/\/marioslegos.pl\/index.php?rest_route=\/wp\/v2\/product\/882\/revisions\/883"}],"wp:featuredmedia":[{"embeddable":true,"href":"https:\/\/marioslegos.pl\/index.php?rest_route=\/wp\/v2\/media\/895"}],"wp:attachment":[{"href":"https:\/\/marioslegos.pl\/index.php?rest_route=%2Fwp%2Fv2%2Fmedia&parent=882"}],"wp:term":[{"taxonomy":"product_brand","embeddable":true,"href":"https:\/\/marioslegos.pl\/index.php?rest_route=%2Fwp%2Fv2%2Fproduct_brand&post=882"},{"taxonomy":"product_cat","embeddable":true,"href":"https:\/\/marioslegos.pl\/index.php?rest_route=%2Fwp%2Fv2%2Fproduct_cat&post=882"},{"taxonomy":"product_tag","embeddable":true,"href":"https:\/\/marioslegos.pl\/index.php?rest_route=%2Fwp%2Fv2%2Fproduct_tag&post=882"}],"curies":[{"name":"wp","href":"https:\/\/api.w.org\/{rel}","templated":true}]}}