{"id":863,"date":"2023-12-23T14:22:13","date_gmt":"2023-12-23T13:22:13","guid":{"rendered":"https:\/\/marioslegos.pl\/?post_type=product&#038;p=863"},"modified":"2024-03-22T09:18:54","modified_gmt":"2024-03-22T08:18:54","slug":"kai-kontra-samuraj","status":"publish","type":"product","link":"https:\/\/marioslegos.pl\/?product=kai-kontra-samuraj","title":{"rendered":"Kai kontra samuraj"},"content":{"rendered":"<p>kai i samuraj walcz\u0105 ko\u017cystaj\u0105c z spinjitsu w stylu beyblade je\u017celi kto\u015b to pamienta 2 spinjitsu i 2 wy\u017cutnie<\/p>\n","protected":false},"excerpt":{"rendered":"<p>kai i samuraj walcz\u0105 ko\u017cystaj\u0105c z spinjitsu w stylu beyblade je\u017celi kto\u015b to pamienta 2 spinjitsu i 2 wy\u017cutnie<\/p>\n","protected":false},"featured_media":893,"comment_status":"open","ping_status":"closed","template":"","meta":[],"product_brand":[],"product_cat":[31],"product_tag":[],"class_list":{"0":"post-863","1":"product","2":"type-product","3":"status-publish","4":"has-post-thumbnail","6":"product_cat-ninjago","8":"first","9":"instock","10":"sale","11":"shipping-taxable","12":"purchasable","13":"product-type-simple"},"jetpack_sharing_enabled":true,"_links":{"self":[{"href":"https:\/\/marioslegos.pl\/index.php?rest_route=\/wp\/v2\/product\/863","targetHints":{"allow":["GET"]}}],"collection":[{"href":"https:\/\/marioslegos.pl\/index.php?rest_route=\/wp\/v2\/product"}],"about":[{"href":"https:\/\/marioslegos.pl\/index.php?rest_route=\/wp\/v2\/types\/product"}],"replies":[{"embeddable":true,"href":"https:\/\/marioslegos.pl\/index.php?rest_route=%2Fwp%2Fv2%2Fcomments&post=863"}],"version-history":[{"count":2,"href":"https:\/\/marioslegos.pl\/index.php?rest_route=\/wp\/v2\/product\/863\/revisions"}],"predecessor-version":[{"id":870,"href":"https:\/\/marioslegos.pl\/index.php?rest_route=\/wp\/v2\/product\/863\/revisions\/870"}],"wp:featuredmedia":[{"embeddable":true,"href":"https:\/\/marioslegos.pl\/index.php?rest_route=\/wp\/v2\/media\/893"}],"wp:attachment":[{"href":"https:\/\/marioslegos.pl\/index.php?rest_route=%2Fwp%2Fv2%2Fmedia&parent=863"}],"wp:term":[{"taxonomy":"product_brand","embeddable":true,"href":"https:\/\/marioslegos.pl\/index.php?rest_route=%2Fwp%2Fv2%2Fproduct_brand&post=863"},{"taxonomy":"product_cat","embeddable":true,"href":"https:\/\/marioslegos.pl\/index.php?rest_route=%2Fwp%2Fv2%2Fproduct_cat&post=863"},{"taxonomy":"product_tag","embeddable":true,"href":"https:\/\/marioslegos.pl\/index.php?rest_route=%2Fwp%2Fv2%2Fproduct_tag&post=863"}],"curies":[{"name":"wp","href":"https:\/\/api.w.org\/{rel}","templated":true}]}}