{"id":837,"date":"2023-11-12T18:11:56","date_gmt":"2023-11-12T17:11:56","guid":{"rendered":"https:\/\/marioslegos.pl\/?post_type=product&#038;p=837"},"modified":"2024-03-22T09:22:19","modified_gmt":"2024-03-22T08:22:19","slug":"samochod-kaskaderski","status":"publish","type":"product","link":"https:\/\/marioslegos.pl\/?product=samochod-kaskaderski","title":{"rendered":"Lazik emmeta i lucy"},"content":{"rendered":"<p>m\u00f3j jedyny zestaw z filmu lego dwie postacie zbudowa\u0142y samoch\u00f3d kaskaderski \u017ceby uciec<\/p>\n","protected":false},"excerpt":{"rendered":"<p>m\u00f3j jedyny zestaw z filmu lego dwie postacie zbudowa\u0142y samoch\u00f3d kaskaderski \u017ceby uciec<\/p>\n","protected":false},"featured_media":844,"comment_status":"open","ping_status":"closed","template":"","meta":[],"product_brand":[],"product_cat":[40],"product_tag":[],"class_list":{"0":"post-837","1":"product","2":"type-product","3":"status-publish","4":"has-post-thumbnail","6":"product_cat-film-lego","8":"first","9":"instock","10":"sale","11":"shipping-taxable","12":"purchasable","13":"product-type-simple"},"jetpack_sharing_enabled":true,"_links":{"self":[{"href":"https:\/\/marioslegos.pl\/index.php?rest_route=\/wp\/v2\/product\/837","targetHints":{"allow":["GET"]}}],"collection":[{"href":"https:\/\/marioslegos.pl\/index.php?rest_route=\/wp\/v2\/product"}],"about":[{"href":"https:\/\/marioslegos.pl\/index.php?rest_route=\/wp\/v2\/types\/product"}],"replies":[{"embeddable":true,"href":"https:\/\/marioslegos.pl\/index.php?rest_route=%2Fwp%2Fv2%2Fcomments&post=837"}],"version-history":[{"count":2,"href":"https:\/\/marioslegos.pl\/index.php?rest_route=\/wp\/v2\/product\/837\/revisions"}],"predecessor-version":[{"id":902,"href":"https:\/\/marioslegos.pl\/index.php?rest_route=\/wp\/v2\/product\/837\/revisions\/902"}],"wp:featuredmedia":[{"embeddable":true,"href":"https:\/\/marioslegos.pl\/index.php?rest_route=\/wp\/v2\/media\/844"}],"wp:attachment":[{"href":"https:\/\/marioslegos.pl\/index.php?rest_route=%2Fwp%2Fv2%2Fmedia&parent=837"}],"wp:term":[{"taxonomy":"product_brand","embeddable":true,"href":"https:\/\/marioslegos.pl\/index.php?rest_route=%2Fwp%2Fv2%2Fproduct_brand&post=837"},{"taxonomy":"product_cat","embeddable":true,"href":"https:\/\/marioslegos.pl\/index.php?rest_route=%2Fwp%2Fv2%2Fproduct_cat&post=837"},{"taxonomy":"product_tag","embeddable":true,"href":"https:\/\/marioslegos.pl\/index.php?rest_route=%2Fwp%2Fv2%2Fproduct_tag&post=837"}],"curies":[{"name":"wp","href":"https:\/\/api.w.org\/{rel}","templated":true}]}}