{"id":829,"date":"2023-11-11T18:41:33","date_gmt":"2023-11-11T17:41:33","guid":{"rendered":"https:\/\/marioslegos.pl\/?post_type=product&#038;p=829"},"modified":"2024-02-27T18:52:27","modified_gmt":"2024-02-27T17:52:27","slug":"scigacz-lowcy-nagrod","status":"publish","type":"product","link":"https:\/\/marioslegos.pl\/?product=scigacz-lowcy-nagrod","title":{"rendered":"Scigacz \u0142owcy nagr\u00f3d"},"content":{"rendered":"<p>kilka \u0142\u00f3wc\u00f3w nagr\u00f3d + jeden \u015bcigacz brzmi dobrze<\/p>\n","protected":false},"excerpt":{"rendered":"<p>kilka \u0142\u00f3wc\u00f3w nagr\u00f3d + jeden \u015bcigacz brzmi dobrze<\/p>\n","protected":false},"featured_media":834,"comment_status":"open","ping_status":"closed","template":"","meta":[],"product_brand":[],"product_cat":[23],"product_tag":[],"class_list":{"0":"post-829","1":"product","2":"type-product","3":"status-publish","4":"has-post-thumbnail","6":"product_cat-star_wars","8":"first","9":"instock","10":"sale","11":"shipping-taxable","12":"purchasable","13":"product-type-simple"},"jetpack_sharing_enabled":true,"_links":{"self":[{"href":"https:\/\/marioslegos.pl\/index.php?rest_route=\/wp\/v2\/product\/829","targetHints":{"allow":["GET"]}}],"collection":[{"href":"https:\/\/marioslegos.pl\/index.php?rest_route=\/wp\/v2\/product"}],"about":[{"href":"https:\/\/marioslegos.pl\/index.php?rest_route=\/wp\/v2\/types\/product"}],"replies":[{"embeddable":true,"href":"https:\/\/marioslegos.pl\/index.php?rest_route=%2Fwp%2Fv2%2Fcomments&post=829"}],"version-history":[{"count":1,"href":"https:\/\/marioslegos.pl\/index.php?rest_route=\/wp\/v2\/product\/829\/revisions"}],"predecessor-version":[{"id":835,"href":"https:\/\/marioslegos.pl\/index.php?rest_route=\/wp\/v2\/product\/829\/revisions\/835"}],"wp:featuredmedia":[{"embeddable":true,"href":"https:\/\/marioslegos.pl\/index.php?rest_route=\/wp\/v2\/media\/834"}],"wp:attachment":[{"href":"https:\/\/marioslegos.pl\/index.php?rest_route=%2Fwp%2Fv2%2Fmedia&parent=829"}],"wp:term":[{"taxonomy":"product_brand","embeddable":true,"href":"https:\/\/marioslegos.pl\/index.php?rest_route=%2Fwp%2Fv2%2Fproduct_brand&post=829"},{"taxonomy":"product_cat","embeddable":true,"href":"https:\/\/marioslegos.pl\/index.php?rest_route=%2Fwp%2Fv2%2Fproduct_cat&post=829"},{"taxonomy":"product_tag","embeddable":true,"href":"https:\/\/marioslegos.pl\/index.php?rest_route=%2Fwp%2Fv2%2Fproduct_tag&post=829"}],"curies":[{"name":"wp","href":"https:\/\/api.w.org\/{rel}","templated":true}]}}