{"id":822,"date":"2023-11-11T18:27:29","date_gmt":"2023-11-11T17:27:29","guid":{"rendered":"https:\/\/marioslegos.pl\/?post_type=product&#038;p=822"},"modified":"2024-02-27T18:53:42","modified_gmt":"2024-02-27T17:53:42","slug":"woz-strazacki-z-drabina","status":"publish","type":"product","link":"https:\/\/marioslegos.pl\/?product=woz-strazacki-z-drabina","title":{"rendered":"W\u00f3z stra\u017cacki z drabin\u0105"},"content":{"rendered":"<p>w\u00f3z stra\u017cacki dw\u00f3ch stra\u017cak\u00f3w i p\u0142on\u0105ca beczka<\/p>\n","protected":false},"excerpt":{"rendered":"<p>w\u00f3z stra\u017cacki dw\u00f3ch stra\u017cak\u00f3w i p\u0142on\u0105ca beczka<\/p>\n","protected":false},"featured_media":826,"comment_status":"open","ping_status":"closed","template":"","meta":[],"product_brand":[],"product_cat":[36],"product_tag":[],"class_list":{"0":"post-822","1":"product","2":"type-product","3":"status-publish","4":"has-post-thumbnail","6":"product_cat-city","8":"first","9":"instock","10":"sale","11":"shipping-taxable","12":"purchasable","13":"product-type-simple"},"jetpack_sharing_enabled":true,"_links":{"self":[{"href":"https:\/\/marioslegos.pl\/index.php?rest_route=\/wp\/v2\/product\/822","targetHints":{"allow":["GET"]}}],"collection":[{"href":"https:\/\/marioslegos.pl\/index.php?rest_route=\/wp\/v2\/product"}],"about":[{"href":"https:\/\/marioslegos.pl\/index.php?rest_route=\/wp\/v2\/types\/product"}],"replies":[{"embeddable":true,"href":"https:\/\/marioslegos.pl\/index.php?rest_route=%2Fwp%2Fv2%2Fcomments&post=822"}],"version-history":[{"count":1,"href":"https:\/\/marioslegos.pl\/index.php?rest_route=\/wp\/v2\/product\/822\/revisions"}],"predecessor-version":[{"id":827,"href":"https:\/\/marioslegos.pl\/index.php?rest_route=\/wp\/v2\/product\/822\/revisions\/827"}],"wp:featuredmedia":[{"embeddable":true,"href":"https:\/\/marioslegos.pl\/index.php?rest_route=\/wp\/v2\/media\/826"}],"wp:attachment":[{"href":"https:\/\/marioslegos.pl\/index.php?rest_route=%2Fwp%2Fv2%2Fmedia&parent=822"}],"wp:term":[{"taxonomy":"product_brand","embeddable":true,"href":"https:\/\/marioslegos.pl\/index.php?rest_route=%2Fwp%2Fv2%2Fproduct_brand&post=822"},{"taxonomy":"product_cat","embeddable":true,"href":"https:\/\/marioslegos.pl\/index.php?rest_route=%2Fwp%2Fv2%2Fproduct_cat&post=822"},{"taxonomy":"product_tag","embeddable":true,"href":"https:\/\/marioslegos.pl\/index.php?rest_route=%2Fwp%2Fv2%2Fproduct_tag&post=822"}],"curies":[{"name":"wp","href":"https:\/\/api.w.org\/{rel}","templated":true}]}}