{"id":812,"date":"2023-11-11T17:22:42","date_gmt":"2023-11-11T16:22:42","guid":{"rendered":"https:\/\/marioslegos.pl\/?post_type=product&#038;p=812"},"modified":"2024-03-23T17:49:57","modified_gmt":"2024-03-23T16:49:57","slug":"zbroja-axla","status":"publish","type":"product","link":"https:\/\/marioslegos.pl\/?product=zbroja-axla","title":{"rendered":"Zbroja axla"},"content":{"rendered":"<p>mech axla ma tarcz\u0119 kt\u00f3ra trzyma 3 mniejsze tarcze i jeszcze ma top\u00f3r\u00a0 ju\u017c wie\u017c\u00a0 \u017ce chcesz<\/p>\n","protected":false},"excerpt":{"rendered":"<p>mech axla ma tarcz\u0119 kt\u00f3ra trzyma 3 mniejsze tarcze i jeszcze ma top\u00f3r\u00a0 ju\u017c wie\u017c\u00a0 \u017ce chcesz<\/p>\n","protected":false},"featured_media":814,"comment_status":"open","ping_status":"closed","template":"","meta":[],"product_brand":[],"product_cat":[24],"product_tag":[35],"class_list":{"0":"post-812","1":"product","2":"type-product","3":"status-publish","4":"has-post-thumbnail","6":"product_cat-nk","7":"product_tag-mech","9":"first","10":"instock","11":"sale","12":"shipping-taxable","13":"purchasable","14":"product-type-simple"},"jetpack_sharing_enabled":true,"_links":{"self":[{"href":"https:\/\/marioslegos.pl\/index.php?rest_route=\/wp\/v2\/product\/812","targetHints":{"allow":["GET"]}}],"collection":[{"href":"https:\/\/marioslegos.pl\/index.php?rest_route=\/wp\/v2\/product"}],"about":[{"href":"https:\/\/marioslegos.pl\/index.php?rest_route=\/wp\/v2\/types\/product"}],"replies":[{"embeddable":true,"href":"https:\/\/marioslegos.pl\/index.php?rest_route=%2Fwp%2Fv2%2Fcomments&post=812"}],"version-history":[{"count":1,"href":"https:\/\/marioslegos.pl\/index.php?rest_route=\/wp\/v2\/product\/812\/revisions"}],"predecessor-version":[{"id":815,"href":"https:\/\/marioslegos.pl\/index.php?rest_route=\/wp\/v2\/product\/812\/revisions\/815"}],"wp:featuredmedia":[{"embeddable":true,"href":"https:\/\/marioslegos.pl\/index.php?rest_route=\/wp\/v2\/media\/814"}],"wp:attachment":[{"href":"https:\/\/marioslegos.pl\/index.php?rest_route=%2Fwp%2Fv2%2Fmedia&parent=812"}],"wp:term":[{"taxonomy":"product_brand","embeddable":true,"href":"https:\/\/marioslegos.pl\/index.php?rest_route=%2Fwp%2Fv2%2Fproduct_brand&post=812"},{"taxonomy":"product_cat","embeddable":true,"href":"https:\/\/marioslegos.pl\/index.php?rest_route=%2Fwp%2Fv2%2Fproduct_cat&post=812"},{"taxonomy":"product_tag","embeddable":true,"href":"https:\/\/marioslegos.pl\/index.php?rest_route=%2Fwp%2Fv2%2Fproduct_tag&post=812"}],"curies":[{"name":"wp","href":"https:\/\/api.w.org\/{rel}","templated":true}]}}