{"id":745,"date":"2023-11-04T13:27:04","date_gmt":"2023-11-04T12:27:04","guid":{"rendered":"https:\/\/marioslegos.pl\/?post_type=product&#038;p=745"},"modified":"2024-03-22T09:01:34","modified_gmt":"2024-03-22T08:01:34","slug":"wywrotka-budowlana-kopalniana","status":"publish","type":"product","link":"https:\/\/marioslegos.pl\/?product=wywrotka-budowlana-kopalniana","title":{"rendered":"Wywrotka budowlana\/kopalniana"},"content":{"rendered":"<p>Wywrotka i spychacz w jednym i obydwa maj\u0105 mechanizm by sterwowa\u0107 k\u00f3\u0142kami<\/p>\n","protected":false},"excerpt":{"rendered":"<p>Wywrotka i spychacz w jednym i obydwa maj\u0105 mechanizm by sterwowa\u0107 k\u00f3\u0142kami<\/p>\n","protected":false},"featured_media":752,"comment_status":"open","ping_status":"closed","template":"","meta":[],"product_brand":[],"product_cat":[29],"product_tag":[],"class_list":{"0":"post-745","1":"product","2":"type-product","3":"status-publish","4":"has-post-thumbnail","6":"product_cat-technick","8":"first","9":"instock","10":"sale","11":"shipping-taxable","12":"purchasable","13":"product-type-simple"},"jetpack_sharing_enabled":true,"_links":{"self":[{"href":"https:\/\/marioslegos.pl\/index.php?rest_route=\/wp\/v2\/product\/745","targetHints":{"allow":["GET"]}}],"collection":[{"href":"https:\/\/marioslegos.pl\/index.php?rest_route=\/wp\/v2\/product"}],"about":[{"href":"https:\/\/marioslegos.pl\/index.php?rest_route=\/wp\/v2\/types\/product"}],"replies":[{"embeddable":true,"href":"https:\/\/marioslegos.pl\/index.php?rest_route=%2Fwp%2Fv2%2Fcomments&post=745"}],"version-history":[{"count":1,"href":"https:\/\/marioslegos.pl\/index.php?rest_route=\/wp\/v2\/product\/745\/revisions"}],"predecessor-version":[{"id":770,"href":"https:\/\/marioslegos.pl\/index.php?rest_route=\/wp\/v2\/product\/745\/revisions\/770"}],"wp:featuredmedia":[{"embeddable":true,"href":"https:\/\/marioslegos.pl\/index.php?rest_route=\/wp\/v2\/media\/752"}],"wp:attachment":[{"href":"https:\/\/marioslegos.pl\/index.php?rest_route=%2Fwp%2Fv2%2Fmedia&parent=745"}],"wp:term":[{"taxonomy":"product_brand","embeddable":true,"href":"https:\/\/marioslegos.pl\/index.php?rest_route=%2Fwp%2Fv2%2Fproduct_brand&post=745"},{"taxonomy":"product_cat","embeddable":true,"href":"https:\/\/marioslegos.pl\/index.php?rest_route=%2Fwp%2Fv2%2Fproduct_cat&post=745"},{"taxonomy":"product_tag","embeddable":true,"href":"https:\/\/marioslegos.pl\/index.php?rest_route=%2Fwp%2Fv2%2Fproduct_tag&post=745"}],"curies":[{"name":"wp","href":"https:\/\/api.w.org\/{rel}","templated":true}]}}