{"id":698,"date":"2023-11-03T16:52:00","date_gmt":"2023-11-03T15:52:00","guid":{"rendered":"https:\/\/marioslegos.pl\/?post_type=product&#038;p=698"},"modified":"2024-03-23T17:52:57","modified_gmt":"2024-03-23T16:52:57","slug":"starcie-z-wezem","status":"publish","type":"product","link":"https:\/\/marioslegos.pl\/?product=starcie-z-wezem","title":{"rendered":"Starcie z w\u0119\u017cem"},"content":{"rendered":"<p>zgadnij kto niewa\u017cne to w\u0105\u017c i kai jeden motocykl jedno auto i jedna rampa z p\u0142omieniami ju\u017c wie\u017c \u017ce chcesz<\/p>\n","protected":false},"excerpt":{"rendered":"<p>starcie kai w samochodzie kontra w\u0105\u017c na motocyklu<\/p>\n","protected":false},"featured_media":699,"comment_status":"open","ping_status":"closed","template":"","meta":[],"product_brand":[],"product_cat":[31],"product_tag":[],"class_list":{"0":"post-698","1":"product","2":"type-product","3":"status-publish","4":"has-post-thumbnail","6":"product_cat-ninjago","8":"first","9":"instock","10":"sale","11":"shipping-taxable","12":"purchasable","13":"product-type-simple"},"jetpack_sharing_enabled":true,"_links":{"self":[{"href":"https:\/\/marioslegos.pl\/index.php?rest_route=\/wp\/v2\/product\/698","targetHints":{"allow":["GET"]}}],"collection":[{"href":"https:\/\/marioslegos.pl\/index.php?rest_route=\/wp\/v2\/product"}],"about":[{"href":"https:\/\/marioslegos.pl\/index.php?rest_route=\/wp\/v2\/types\/product"}],"replies":[{"embeddable":true,"href":"https:\/\/marioslegos.pl\/index.php?rest_route=%2Fwp%2Fv2%2Fcomments&post=698"}],"version-history":[{"count":2,"href":"https:\/\/marioslegos.pl\/index.php?rest_route=\/wp\/v2\/product\/698\/revisions"}],"predecessor-version":[{"id":704,"href":"https:\/\/marioslegos.pl\/index.php?rest_route=\/wp\/v2\/product\/698\/revisions\/704"}],"wp:featuredmedia":[{"embeddable":true,"href":"https:\/\/marioslegos.pl\/index.php?rest_route=\/wp\/v2\/media\/699"}],"wp:attachment":[{"href":"https:\/\/marioslegos.pl\/index.php?rest_route=%2Fwp%2Fv2%2Fmedia&parent=698"}],"wp:term":[{"taxonomy":"product_brand","embeddable":true,"href":"https:\/\/marioslegos.pl\/index.php?rest_route=%2Fwp%2Fv2%2Fproduct_brand&post=698"},{"taxonomy":"product_cat","embeddable":true,"href":"https:\/\/marioslegos.pl\/index.php?rest_route=%2Fwp%2Fv2%2Fproduct_cat&post=698"},{"taxonomy":"product_tag","embeddable":true,"href":"https:\/\/marioslegos.pl\/index.php?rest_route=%2Fwp%2Fv2%2Fproduct_tag&post=698"}],"curies":[{"name":"wp","href":"https:\/\/api.w.org\/{rel}","templated":true}]}}