{"id":687,"date":"2023-11-02T19:36:28","date_gmt":"2023-11-02T18:36:28","guid":{"rendered":"https:\/\/marioslegos.pl\/?post_type=product&#038;p=687"},"modified":"2024-03-26T18:39:05","modified_gmt":"2024-03-26T17:39:05","slug":"na-ratunek-zaglowce","status":"publish","type":"product","link":"https:\/\/marioslegos.pl\/?product=na-ratunek-zaglowce","title":{"rendered":"Na ratunek \u017cagl\u00f3wce"},"content":{"rendered":"<p>Jedna \u017cagl\u00f3wka i jedna \u0142\u00f3d\u017a ratunkowa plus ma\u0142a wyspa? Brzmi jak super zestaw.<\/p>\n","protected":false},"excerpt":{"rendered":"<p>Jedna \u017cagl\u00f3wka i jedna \u0142\u00f3d\u017a ratunkowa plus ma\u0142a wyspa? Brzmi jak super zestaw.<\/p>\n","protected":false},"featured_media":689,"comment_status":"open","ping_status":"closed","template":"","meta":[],"product_brand":[],"product_cat":[36],"product_tag":[],"class_list":{"0":"post-687","1":"product","2":"type-product","3":"status-publish","4":"has-post-thumbnail","6":"product_cat-city","8":"first","9":"instock","10":"sale","11":"shipping-taxable","12":"purchasable","13":"product-type-simple"},"jetpack_sharing_enabled":true,"_links":{"self":[{"href":"https:\/\/marioslegos.pl\/index.php?rest_route=\/wp\/v2\/product\/687","targetHints":{"allow":["GET"]}}],"collection":[{"href":"https:\/\/marioslegos.pl\/index.php?rest_route=\/wp\/v2\/product"}],"about":[{"href":"https:\/\/marioslegos.pl\/index.php?rest_route=\/wp\/v2\/types\/product"}],"replies":[{"embeddable":true,"href":"https:\/\/marioslegos.pl\/index.php?rest_route=%2Fwp%2Fv2%2Fcomments&post=687"}],"version-history":[{"count":1,"href":"https:\/\/marioslegos.pl\/index.php?rest_route=\/wp\/v2\/product\/687\/revisions"}],"predecessor-version":[{"id":693,"href":"https:\/\/marioslegos.pl\/index.php?rest_route=\/wp\/v2\/product\/687\/revisions\/693"}],"wp:featuredmedia":[{"embeddable":true,"href":"https:\/\/marioslegos.pl\/index.php?rest_route=\/wp\/v2\/media\/689"}],"wp:attachment":[{"href":"https:\/\/marioslegos.pl\/index.php?rest_route=%2Fwp%2Fv2%2Fmedia&parent=687"}],"wp:term":[{"taxonomy":"product_brand","embeddable":true,"href":"https:\/\/marioslegos.pl\/index.php?rest_route=%2Fwp%2Fv2%2Fproduct_brand&post=687"},{"taxonomy":"product_cat","embeddable":true,"href":"https:\/\/marioslegos.pl\/index.php?rest_route=%2Fwp%2Fv2%2Fproduct_cat&post=687"},{"taxonomy":"product_tag","embeddable":true,"href":"https:\/\/marioslegos.pl\/index.php?rest_route=%2Fwp%2Fv2%2Fproduct_tag&post=687"}],"curies":[{"name":"wp","href":"https:\/\/api.w.org\/{rel}","templated":true}]}}