{"id":677,"date":"2023-11-02T19:16:57","date_gmt":"2023-11-02T18:16:57","guid":{"rendered":"https:\/\/marioslegos.pl\/?post_type=product&#038;p=677"},"modified":"2024-02-27T19:10:21","modified_gmt":"2024-02-27T18:10:21","slug":"pajeczy-mech","status":"publish","type":"product","link":"https:\/\/marioslegos.pl\/?product=pajeczy-mech","title":{"rendered":"Paj\u0119czy mech"},"content":{"rendered":"<p>Dwie wielkie mechy jeden dla venom&#8217;a i jeden dla spider man&#8217;a jak dla mnie brzmi dobrze !!UWAGA BRAK\u00d3JE DW\u00d3CH MA\u0141YCH BIA\u0141YCH K\u0141\u00d3W!!<\/p>\n","protected":false},"excerpt":{"rendered":"<p>Dwie wielkie mechy jeden dla venom&#8217;a i jeden dla spider man&#8217;a jak dla mnie brzmi dobrze !!UWAGA BRAK\u00d3JE DW\u00d3CH MA\u0141YCH BIA\u0141YCH K\u0141\u00d3W!!<\/p>\n","protected":false},"featured_media":680,"comment_status":"open","ping_status":"closed","template":"","meta":[],"product_brand":[],"product_cat":[34],"product_tag":[35],"class_list":{"0":"post-677","1":"product","2":"type-product","3":"status-publish","4":"has-post-thumbnail","6":"product_cat-marvel","7":"product_tag-mech","9":"first","10":"instock","11":"sale","12":"shipping-taxable","13":"purchasable","14":"product-type-simple"},"jetpack_sharing_enabled":true,"_links":{"self":[{"href":"https:\/\/marioslegos.pl\/index.php?rest_route=\/wp\/v2\/product\/677","targetHints":{"allow":["GET"]}}],"collection":[{"href":"https:\/\/marioslegos.pl\/index.php?rest_route=\/wp\/v2\/product"}],"about":[{"href":"https:\/\/marioslegos.pl\/index.php?rest_route=\/wp\/v2\/types\/product"}],"replies":[{"embeddable":true,"href":"https:\/\/marioslegos.pl\/index.php?rest_route=%2Fwp%2Fv2%2Fcomments&post=677"}],"version-history":[{"count":2,"href":"https:\/\/marioslegos.pl\/index.php?rest_route=\/wp\/v2\/product\/677\/revisions"}],"predecessor-version":[{"id":973,"href":"https:\/\/marioslegos.pl\/index.php?rest_route=\/wp\/v2\/product\/677\/revisions\/973"}],"wp:featuredmedia":[{"embeddable":true,"href":"https:\/\/marioslegos.pl\/index.php?rest_route=\/wp\/v2\/media\/680"}],"wp:attachment":[{"href":"https:\/\/marioslegos.pl\/index.php?rest_route=%2Fwp%2Fv2%2Fmedia&parent=677"}],"wp:term":[{"taxonomy":"product_brand","embeddable":true,"href":"https:\/\/marioslegos.pl\/index.php?rest_route=%2Fwp%2Fv2%2Fproduct_brand&post=677"},{"taxonomy":"product_cat","embeddable":true,"href":"https:\/\/marioslegos.pl\/index.php?rest_route=%2Fwp%2Fv2%2Fproduct_cat&post=677"},{"taxonomy":"product_tag","embeddable":true,"href":"https:\/\/marioslegos.pl\/index.php?rest_route=%2Fwp%2Fv2%2Fproduct_tag&post=677"}],"curies":[{"name":"wp","href":"https:\/\/api.w.org\/{rel}","templated":true}]}}