{"id":660,"date":"2023-10-28T17:00:24","date_gmt":"2023-10-28T15:00:24","guid":{"rendered":"https:\/\/marioslegos.pl\/?post_type=product&#038;p=660"},"modified":"2024-02-27T19:30:19","modified_gmt":"2024-02-27T18:30:19","slug":"terenowka","status":"publish","type":"product","link":"https:\/\/marioslegos.pl\/?product=terenowka","title":{"rendered":"teren\u00f3wka"},"content":{"rendered":"<p>techink teren\u00f3wka n\u00f3wak sztuka okej teraz na serio super amortyzacja i do\u015b\u0107 skomplikowana budowla<\/p>\n","protected":false},"excerpt":{"rendered":"<p>techink teren\u00f3wka n\u00f3wak sztuka okej teraz na serio super amortyzacja i do\u015b\u0107 skomplikowana budowla<\/p>\n","protected":false},"featured_media":661,"comment_status":"open","ping_status":"closed","template":"","meta":[],"product_brand":[],"product_cat":[29],"product_tag":[],"class_list":{"0":"post-660","1":"product","2":"type-product","3":"status-publish","4":"has-post-thumbnail","6":"product_cat-technick","8":"first","9":"instock","10":"sale","11":"shipping-taxable","12":"purchasable","13":"product-type-simple"},"jetpack_sharing_enabled":true,"_links":{"self":[{"href":"https:\/\/marioslegos.pl\/index.php?rest_route=\/wp\/v2\/product\/660","targetHints":{"allow":["GET"]}}],"collection":[{"href":"https:\/\/marioslegos.pl\/index.php?rest_route=\/wp\/v2\/product"}],"about":[{"href":"https:\/\/marioslegos.pl\/index.php?rest_route=\/wp\/v2\/types\/product"}],"replies":[{"embeddable":true,"href":"https:\/\/marioslegos.pl\/index.php?rest_route=%2Fwp%2Fv2%2Fcomments&post=660"}],"version-history":[{"count":2,"href":"https:\/\/marioslegos.pl\/index.php?rest_route=\/wp\/v2\/product\/660\/revisions"}],"predecessor-version":[{"id":670,"href":"https:\/\/marioslegos.pl\/index.php?rest_route=\/wp\/v2\/product\/660\/revisions\/670"}],"wp:featuredmedia":[{"embeddable":true,"href":"https:\/\/marioslegos.pl\/index.php?rest_route=\/wp\/v2\/media\/661"}],"wp:attachment":[{"href":"https:\/\/marioslegos.pl\/index.php?rest_route=%2Fwp%2Fv2%2Fmedia&parent=660"}],"wp:term":[{"taxonomy":"product_brand","embeddable":true,"href":"https:\/\/marioslegos.pl\/index.php?rest_route=%2Fwp%2Fv2%2Fproduct_brand&post=660"},{"taxonomy":"product_cat","embeddable":true,"href":"https:\/\/marioslegos.pl\/index.php?rest_route=%2Fwp%2Fv2%2Fproduct_cat&post=660"},{"taxonomy":"product_tag","embeddable":true,"href":"https:\/\/marioslegos.pl\/index.php?rest_route=%2Fwp%2Fv2%2Fproduct_tag&post=660"}],"curies":[{"name":"wp","href":"https:\/\/api.w.org\/{rel}","templated":true}]}}