{"id":631,"date":"2023-10-28T12:51:16","date_gmt":"2023-10-28T10:51:16","guid":{"rendered":"https:\/\/marioslegos.pl\/?post_type=product&#038;p=631"},"modified":"2024-03-26T18:43:02","modified_gmt":"2024-03-26T17:43:02","slug":"blyskawica","status":"publish","type":"product","link":"https:\/\/marioslegos.pl\/?product=blyskawica","title":{"rendered":"B\u0142yskawica"},"content":{"rendered":"<p>jeden z najlepszych technik\u00f3w jest dragster&#8217;em co oznacza \u017ce jest szybki i je\u017cdzi na prostych torach<\/p>\n","protected":false},"excerpt":{"rendered":"<p>jeden z najlepszych technik\u00f3w jest dragster&#8217;em co oznacza \u017ce jest szybki i je\u017cdzi na prostych torach<\/p>\n","protected":false},"featured_media":633,"comment_status":"open","ping_status":"closed","template":"","meta":[],"product_brand":[],"product_cat":[29],"product_tag":[],"class_list":{"0":"post-631","1":"product","2":"type-product","3":"status-publish","4":"has-post-thumbnail","6":"product_cat-technick","8":"first","9":"instock","10":"sale","11":"shipping-taxable","12":"purchasable","13":"product-type-simple"},"jetpack_sharing_enabled":true,"_links":{"self":[{"href":"https:\/\/marioslegos.pl\/index.php?rest_route=\/wp\/v2\/product\/631","targetHints":{"allow":["GET"]}}],"collection":[{"href":"https:\/\/marioslegos.pl\/index.php?rest_route=\/wp\/v2\/product"}],"about":[{"href":"https:\/\/marioslegos.pl\/index.php?rest_route=\/wp\/v2\/types\/product"}],"replies":[{"embeddable":true,"href":"https:\/\/marioslegos.pl\/index.php?rest_route=%2Fwp%2Fv2%2Fcomments&post=631"}],"version-history":[{"count":1,"href":"https:\/\/marioslegos.pl\/index.php?rest_route=\/wp\/v2\/product\/631\/revisions"}],"predecessor-version":[{"id":637,"href":"https:\/\/marioslegos.pl\/index.php?rest_route=\/wp\/v2\/product\/631\/revisions\/637"}],"wp:featuredmedia":[{"embeddable":true,"href":"https:\/\/marioslegos.pl\/index.php?rest_route=\/wp\/v2\/media\/633"}],"wp:attachment":[{"href":"https:\/\/marioslegos.pl\/index.php?rest_route=%2Fwp%2Fv2%2Fmedia&parent=631"}],"wp:term":[{"taxonomy":"product_brand","embeddable":true,"href":"https:\/\/marioslegos.pl\/index.php?rest_route=%2Fwp%2Fv2%2Fproduct_brand&post=631"},{"taxonomy":"product_cat","embeddable":true,"href":"https:\/\/marioslegos.pl\/index.php?rest_route=%2Fwp%2Fv2%2Fproduct_cat&post=631"},{"taxonomy":"product_tag","embeddable":true,"href":"https:\/\/marioslegos.pl\/index.php?rest_route=%2Fwp%2Fv2%2Fproduct_tag&post=631"}],"curies":[{"name":"wp","href":"https:\/\/api.w.org\/{rel}","templated":true}]}}