{"id":31,"date":"2021-07-17T09:49:14","date_gmt":"2021-07-17T09:49:14","guid":{"rendered":"https:\/\/demo.athemes.com\/botiga\/?post_type=product&#038;p=31"},"modified":"2024-03-05T19:11:22","modified_gmt":"2024-03-05T18:11:22","slug":"rare-earth-deep-pore-minimizing-cleansing-clay-mask","status":"publish","type":"product","link":"https:\/\/marioslegos.pl\/?product=rare-earth-deep-pore-minimizing-cleansing-clay-mask","title":{"rendered":"migthy micros spiderman vs sandman"},"content":{"rendered":"<p>dwa auta s\u0105 zaawansowane na ich wielko\u015b\u0107 no i spiderman i sandman \u015bwietne dla fana marvela<\/p>\n","protected":false},"excerpt":{"rendered":"<p>dwa auta s\u0105 zaawansowane na ich wielko\u015b\u0107 no i spiderman i sandman \u015bwietne dla fana marvela<\/p>\n<p>&nbsp;<\/p>\n","protected":false},"featured_media":526,"comment_status":"open","ping_status":"closed","template":"","meta":[],"product_brand":[],"product_cat":[15],"product_tag":[],"class_list":{"0":"post-31","1":"product","2":"type-product","3":"status-publish","4":"has-post-thumbnail","6":"product_cat-bez-kategorii","8":"first","9":"instock","10":"shipping-taxable","11":"purchasable","12":"product-type-simple"},"jetpack_sharing_enabled":true,"_links":{"self":[{"href":"https:\/\/marioslegos.pl\/index.php?rest_route=\/wp\/v2\/product\/31","targetHints":{"allow":["GET"]}}],"collection":[{"href":"https:\/\/marioslegos.pl\/index.php?rest_route=\/wp\/v2\/product"}],"about":[{"href":"https:\/\/marioslegos.pl\/index.php?rest_route=\/wp\/v2\/types\/product"}],"replies":[{"embeddable":true,"href":"https:\/\/marioslegos.pl\/index.php?rest_route=%2Fwp%2Fv2%2Fcomments&post=31"}],"version-history":[{"count":2,"href":"https:\/\/marioslegos.pl\/index.php?rest_route=\/wp\/v2\/product\/31\/revisions"}],"predecessor-version":[{"id":532,"href":"https:\/\/marioslegos.pl\/index.php?rest_route=\/wp\/v2\/product\/31\/revisions\/532"}],"wp:featuredmedia":[{"embeddable":true,"href":"https:\/\/marioslegos.pl\/index.php?rest_route=\/wp\/v2\/media\/526"}],"wp:attachment":[{"href":"https:\/\/marioslegos.pl\/index.php?rest_route=%2Fwp%2Fv2%2Fmedia&parent=31"}],"wp:term":[{"taxonomy":"product_brand","embeddable":true,"href":"https:\/\/marioslegos.pl\/index.php?rest_route=%2Fwp%2Fv2%2Fproduct_brand&post=31"},{"taxonomy":"product_cat","embeddable":true,"href":"https:\/\/marioslegos.pl\/index.php?rest_route=%2Fwp%2Fv2%2Fproduct_cat&post=31"},{"taxonomy":"product_tag","embeddable":true,"href":"https:\/\/marioslegos.pl\/index.php?rest_route=%2Fwp%2Fv2%2Fproduct_tag&post=31"}],"curies":[{"name":"wp","href":"https:\/\/api.w.org\/{rel}","templated":true}]}}